{"id":80,"date":"2022-11-16T17:10:28","date_gmt":"2022-11-16T17:10:28","guid":{"rendered":"https:\/\/ethikalkaos.com\/hub\/?page_id=80"},"modified":"2025-10-12T17:04:14","modified_gmt":"2025-10-12T17:04:14","slug":"0001-bulbasaur","status":"publish","type":"page","link":"https:\/\/ethikalkaos.com\/hub\/pokedex\/kanto\/0001-bulbasaur\/","title":{"rendered":"0001 Bulbasaur"},"content":{"rendered":"<div class=\"inner\">\n<h1>Pok\u00e9mon Type<\/h1>\n<ul>\n<li>Grass<\/li>\n<li>Poison<\/li>\n<\/ul>\n<\/div>\n<div class=\"inner\">\n<h2>Seed Pok\u00e9mon<\/h2>\n<p>\nBulbasaur can be seen napping in bright sunlight.<br \/>\nThere is a plant seed on its back right from the day this Pok\u00e9mon is born.<br \/>\nWhile Bulbasaur is young it uses the nutrients that are stored in the seed on its back in order to grow.<br \/>\nBy soaking up the sun&#8217;s rays, the seed grows progressively larger.\n<\/p>\n<\/div>\n<div class=\"inner\">\n<h3>How to pronounce this Pok\u00e9mon<\/h3>\n<p>\nBUL-ba-sore\n<\/p>\n<\/div>\n<div class=\"inner\">\n<h3>Evolution<\/h3>\n<ul>\n<li><a href=\"https:\/\/ethikalkaos.com\/hub\/pokedex\/kanto\/0001-bulbasaur\/\">Bulbasaur<\/a> <\/li>\n<li><a href=\"https:\/\/ethikalkaos.com\/hub\/pokedex\/kanto\/0002-ivysaur\/\">Ivysaur<\/a><\/li>\n<li><a href=\"https:\/\/ethikalkaos.com\/hub\/pokedex\/kanto\/0003-venusaur\/\">Venusaur<\/a><\/li>\n<li>Mega Venusaur <\/li>\n<li>Dynamax Venusaur <\/li>\n<li>Gigantamax Venusaur<\/li>\n<\/ul>\n<\/div>\n","protected":false},"excerpt":{"rendered":"<p>Pok\u00e9mon Type Grass Poison Seed Pok\u00e9mon Bulbasaur can be seen napping in bright sunlight. There is a plant seed on its back right from the day this Pok\u00e9mon is born. While Bulbasaur is young it uses the nutrients that are stored in the seed on its back in order to grow. By soaking up the [&hellip;]<\/p>\n","protected":false},"author":1,"featured_media":0,"parent":78,"menu_order":0,"comment_status":"closed","ping_status":"closed","template":"","meta":{"footnotes":""},"class_list":["post-80","page","type-page","status-publish","hentry"],"_links":{"self":[{"href":"https:\/\/ethikalkaos.com\/hub\/wp-json\/wp\/v2\/pages\/80","targetHints":{"allow":["GET"]}}],"collection":[{"href":"https:\/\/ethikalkaos.com\/hub\/wp-json\/wp\/v2\/pages"}],"about":[{"href":"https:\/\/ethikalkaos.com\/hub\/wp-json\/wp\/v2\/types\/page"}],"author":[{"embeddable":true,"href":"https:\/\/ethikalkaos.com\/hub\/wp-json\/wp\/v2\/users\/1"}],"replies":[{"embeddable":true,"href":"https:\/\/ethikalkaos.com\/hub\/wp-json\/wp\/v2\/comments?post=80"}],"version-history":[{"count":12,"href":"https:\/\/ethikalkaos.com\/hub\/wp-json\/wp\/v2\/pages\/80\/revisions"}],"predecessor-version":[{"id":310,"href":"https:\/\/ethikalkaos.com\/hub\/wp-json\/wp\/v2\/pages\/80\/revisions\/310"}],"up":[{"embeddable":true,"href":"https:\/\/ethikalkaos.com\/hub\/wp-json\/wp\/v2\/pages\/78"}],"wp:attachment":[{"href":"https:\/\/ethikalkaos.com\/hub\/wp-json\/wp\/v2\/media?parent=80"}],"curies":[{"name":"wp","href":"https:\/\/api.w.org\/{rel}","templated":true}]}}