{"id":83,"date":"2022-11-17T17:16:54","date_gmt":"2022-11-17T17:16:54","guid":{"rendered":"https:\/\/ethikalkaos.com\/hub\/?page_id=83"},"modified":"2025-10-12T15:49:09","modified_gmt":"2025-10-12T15:49:09","slug":"0002-ivysaur","status":"publish","type":"page","link":"https:\/\/ethikalkaos.com\/hub\/pokedex\/kanto\/0002-ivysaur\/","title":{"rendered":"0002 Ivysaur"},"content":{"rendered":"<div class=\"inner\">\n<h1>Pok\u00e9mon Type<\/h1>\n<ul>\n<li>Grass<\/li>\n<li>Poison<\/li>\n<\/ul>\n<\/div>\n<div class=\"inner\">\n<h2>Seed Pok\u00e9mon<\/h2>\n<p>\nThere is a bud on this Pok\u00e9mon&#8217;s back.<br \/>\nTo support it&#8217;s weight, Ivysaur&#8217;s legs and trunk grow thick and strong. If it starts spending more time lying in the sunlight, it&#8217;s a sign that the bud will bloom into a large flower soon.\n<\/p>\n<\/div>\n<div class=\"inner\">\n<h3>Evolution<\/h3>\n<ul>\n<li><a href=\"https:\/\/ethikalkaos.com\/hub\/pokedex\/kanto\/0001-bulbasaur\/\">Bulbasaur<\/a> <\/li>\n<li><a href=\"https:\/\/ethikalkaos.com\/hub\/pokedex\/kanto\/0002-ivysaur\/\">Ivysaur<\/a><\/li>\n<li><a href=\"https:\/\/ethikalkaos.com\/hub\/pokedex\/kanto\/0003-venusaur\/\">Venusaur<\/a><\/li>\n<li>Mega Venusaur <\/li>\n<li>Dynamax Venusaur <\/li>\n<li>Gigantamax Venusaur<\/li>\n<\/ul>\n<\/div>\n","protected":false},"excerpt":{"rendered":"<p>Pok\u00e9mon Type Grass Poison Seed Pok\u00e9mon There is a bud on this Pok\u00e9mon&#8217;s back. To support it&#8217;s weight, Ivysaur&#8217;s legs and trunk grow thick and strong. If it starts spending more time lying in the sunlight, it&#8217;s a sign that the bud will bloom into a large flower soon. Evolution Bulbasaur Ivysaur Venusaur Mega Venusaur [&hellip;]<\/p>\n","protected":false},"author":1,"featured_media":0,"parent":78,"menu_order":0,"comment_status":"closed","ping_status":"closed","template":"","meta":{"footnotes":""},"class_list":["post-83","page","type-page","status-publish","hentry"],"_links":{"self":[{"href":"https:\/\/ethikalkaos.com\/hub\/wp-json\/wp\/v2\/pages\/83","targetHints":{"allow":["GET"]}}],"collection":[{"href":"https:\/\/ethikalkaos.com\/hub\/wp-json\/wp\/v2\/pages"}],"about":[{"href":"https:\/\/ethikalkaos.com\/hub\/wp-json\/wp\/v2\/types\/page"}],"author":[{"embeddable":true,"href":"https:\/\/ethikalkaos.com\/hub\/wp-json\/wp\/v2\/users\/1"}],"replies":[{"embeddable":true,"href":"https:\/\/ethikalkaos.com\/hub\/wp-json\/wp\/v2\/comments?post=83"}],"version-history":[{"count":6,"href":"https:\/\/ethikalkaos.com\/hub\/wp-json\/wp\/v2\/pages\/83\/revisions"}],"predecessor-version":[{"id":308,"href":"https:\/\/ethikalkaos.com\/hub\/wp-json\/wp\/v2\/pages\/83\/revisions\/308"}],"up":[{"embeddable":true,"href":"https:\/\/ethikalkaos.com\/hub\/wp-json\/wp\/v2\/pages\/78"}],"wp:attachment":[{"href":"https:\/\/ethikalkaos.com\/hub\/wp-json\/wp\/v2\/media?parent=83"}],"curies":[{"name":"wp","href":"https:\/\/api.w.org\/{rel}","templated":true}]}}